{"id":37527,"date":"2024-02-22T09:37:19","date_gmt":"2024-02-22T08:37:19","guid":{"rendered":"https:\/\/stimcareonline.com\/?page_id=37527"},"modified":"2024-03-25T11:01:24","modified_gmt":"2024-03-25T10:01:24","slug":"faq","status":"publish","type":"page","link":"https:\/\/stimcareonline.com\/ja\/faq\/","title":{"rendered":"\u3088\u304f\u3042\u308b\u3054\u8cea\u554f"},"content":{"rendered":"<div data-elementor-type=\"wp-page\" data-elementor-id=\"37527\" class=\"elementor elementor-37527\" data-elementor-post-type=\"page\">\n\t\t\t\t\t\t<section class=\"elementor-section elementor-top-section elementor-element elementor-element-42fbf2e elementor-section-boxed elementor-section-height-default elementor-section-height-default\" data-id=\"42fbf2e\" data-element_type=\"section\" data-e-type=\"section\" data-settings=\"{&quot;jet_parallax_layout_list&quot;:[],&quot;background_background&quot;:&quot;classic&quot;}\">\n\t\t\t\t\t\t<div class=\"elementor-container elementor-column-gap-default\">\n\t\t\t\t\t<div class=\"elementor-column elementor-col-100 elementor-top-column elementor-element elementor-element-a5b7afb\" data-id=\"a5b7afb\" data-element_type=\"column\" data-e-type=\"column\">\n\t\t\t<div class=\"elementor-widget-wrap elementor-element-populated\">\n\t\t\t\t\t\t<div class=\"elementor-element elementor-element-397131b elementor-widget elementor-widget-heading\" data-id=\"397131b\" data-element_type=\"widget\" data-e-type=\"widget\" data-widget_type=\"heading.default\">\n\t\t\t\t<div class=\"elementor-widget-container\">\n\t\t\t\t\t<h2 class=\"elementor-heading-title elementor-size-default\">\u3088\u304f\u3042\u308b\u3054\u8cea\u554f<\/h2>\t\t\t\t<\/div>\n\t\t\t\t<\/div>\n\t\t\t\t\t<\/div>\n\t\t<\/div>\n\t\t\t\t\t<\/div>\n\t\t<\/section>\n\t\t\t\t<section class=\"elementor-section elementor-top-section elementor-element elementor-element-4dc8f2f elementor-section-boxed elementor-section-height-default elementor-section-height-default\" data-id=\"4dc8f2f\" data-element_type=\"section\" data-e-type=\"section\" data-settings=\"{&quot;jet_parallax_layout_list&quot;:[]}\">\n\t\t\t\t\t\t<div class=\"elementor-container elementor-column-gap-default\">\n\t\t\t\t\t<div class=\"elementor-column elementor-col-100 elementor-top-column elementor-element elementor-element-77f7b06\" data-id=\"77f7b06\" data-element_type=\"column\" data-e-type=\"column\">\n\t\t\t<div class=\"elementor-widget-wrap elementor-element-populated\">\n\t\t\t\t\t\t<div class=\"elementor-element elementor-element-d59335d elementor-widget elementor-widget-heading\" data-id=\"d59335d\" data-element_type=\"widget\" data-e-type=\"widget\" data-widget_type=\"heading.default\">\n\t\t\t\t<div class=\"elementor-widget-container\">\n\t\t\t\t\t<h4 class=\"elementor-heading-title elementor-size-default\">STIMCARE\u30d1\u30c3\u30c1\u3068\u306f\u4f55\u3067\u3059\u304b\uff1f\n<\/h4>\t\t\t\t<\/div>\n\t\t\t\t<\/div>\n\t\t\t\t<div class=\"elementor-element elementor-element-a55b860 elementor-widget elementor-widget-text-editor\" data-id=\"a55b860\" data-element_type=\"widget\" data-e-type=\"widget\" data-widget_type=\"text-editor.default\">\n\t\t\t\t<div class=\"elementor-widget-container\">\n\t\t\t\t\t\t\t\t\tSTIMCARE\u306f\u3001\u904b\u52d5\u4e2d\u3067\u3082\u75db\u307f\u3092\u548c\u3089\u3052\u308b\u3001\u81ea\u7136\u3067\u4f7f\u3044\u3084\u3059\u3044\u30d1\u30c3\u30c1\u3092\u30c7\u30b6\u30a4\u30f3\u3057\u307e\u3057\u305f\u3002\u30d1\u30d5\u30a9\u30fc\u30de\u30f3\u30b9\u3092\u5411\u4e0a\u3055\u305b\u3001\u95a2\u7bc0\u3001\u7b4b\u8089\u3001\u976d\u5e2f\u306e\u4e0d\u5feb\u611f\u3092\u548c\u3089\u3052\u308b\u3001\u74b0\u5883\u306b\u914d\u616e\u3057\u305f\u9769\u65b0\u7684\u306a\u88fd\u54c1\u3067\u3059\u3002\n\t\t\t\t\t\t\t\t<\/div>\n\t\t\t\t<\/div>\n\t\t\t\t\t<\/div>\n\t\t<\/div>\n\t\t\t\t\t<\/div>\n\t\t<\/section>\n\t\t\t\t<section class=\"elementor-section elementor-top-section elementor-element elementor-element-ad20e85 elementor-section-boxed elementor-section-height-default elementor-section-height-default\" data-id=\"ad20e85\" data-element_type=\"section\" data-e-type=\"section\" data-settings=\"{&quot;jet_parallax_layout_list&quot;:[]}\">\n\t\t\t\t\t\t<div class=\"elementor-container elementor-column-gap-default\">\n\t\t\t\t\t<div class=\"elementor-column elementor-col-100 elementor-top-column elementor-element elementor-element-07c0391\" data-id=\"07c0391\" data-element_type=\"column\" data-e-type=\"column\">\n\t\t\t<div class=\"elementor-widget-wrap elementor-element-populated\">\n\t\t\t\t\t\t<div class=\"elementor-element elementor-element-352e753 elementor-widget elementor-widget-heading\" data-id=\"352e753\" data-element_type=\"widget\" data-e-type=\"widget\" data-widget_type=\"heading.default\">\n\t\t\t\t<div class=\"elementor-widget-container\">\n\t\t\t\t\t<h4 class=\"elementor-heading-title elementor-size-default\">STIMCARE\u30d1\u30c3\u30c1\u306f\u3069\u306e\u3088\u3046\u306b\u6a5f\u80fd\u3059\u308b\u306e\u3067\u3059\u304b\uff1f\n<\/h4>\t\t\t\t<\/div>\n\t\t\t\t<\/div>\n\t\t\t\t<div class=\"elementor-element elementor-element-e4e64da elementor-widget elementor-widget-text-editor\" data-id=\"e4e64da\" data-element_type=\"widget\" data-e-type=\"widget\" data-widget_type=\"text-editor.default\">\n\t\t\t\t<div class=\"elementor-widget-container\">\n\t\t\t\t\t\t\t\t\tSTIMCARE\u30d1\u30c3\u30c1\u306f\u3001eNOsyntex\u6280\u8853\u3092\u4f7f\u7528\u3057\u3001\u4eba\u4f53\u304b\u3089\u653e\u51fa\u3055\u308c\u308b\u8d64\u5916\u7dda\u3092\u93e1\u306e\u3088\u3046\u306b\u53cd\u5c04\u3055\u305b\u307e\u3059\u3002\u3053\u306e\u8d64\u5916\u7dda\u53cd\u5c04\u306b\u3088\u308a\u3001\u8840\u6db2\u306e\u5fae\u5c0f\u5faa\u74b0\u304c\u523a\u6fc0\u3055\u308c\u3001\u9178\u7d20\u4f9b\u7d66\u30ec\u30d9\u30eb\u304c\u5411\u4e0a\u3057\u3001\u7d30\u80de\u306e\u518d\u751f\u304c\u4fc3\u9032\u3055\u308c\u308b\u3002\u708e\u75c7\u6642\u306b\u84c4\u7a4d\u3055\u308c\u305f\u6bd2\u7d20\u304c\u6392\u51fa\u3055\u308c\u3001\u75db\u307f\u304c\u7de9\u548c\u3055\u308c\u308b\u3002\n\t\t\t\t\t\t\t\t<\/div>\n\t\t\t\t<\/div>\n\t\t\t\t\t<\/div>\n\t\t<\/div>\n\t\t\t\t\t<\/div>\n\t\t<\/section>\n\t\t\t\t<section class=\"elementor-section elementor-top-section elementor-element elementor-element-2df3b59 elementor-section-boxed elementor-section-height-default elementor-section-height-default\" data-id=\"2df3b59\" data-element_type=\"section\" data-e-type=\"section\" data-settings=\"{&quot;jet_parallax_layout_list&quot;:[]}\">\n\t\t\t\t\t\t<div class=\"elementor-container elementor-column-gap-default\">\n\t\t\t\t\t<div class=\"elementor-column elementor-col-100 elementor-top-column elementor-element elementor-element-b0750d3\" data-id=\"b0750d3\" data-element_type=\"column\" data-e-type=\"column\">\n\t\t\t<div class=\"elementor-widget-wrap elementor-element-populated\">\n\t\t\t\t\t\t<div class=\"elementor-element elementor-element-acc8a26 elementor-widget elementor-widget-heading\" data-id=\"acc8a26\" data-element_type=\"widget\" data-e-type=\"widget\" data-widget_type=\"heading.default\">\n\t\t\t\t<div class=\"elementor-widget-container\">\n\t\t\t\t\t<h4 class=\"elementor-heading-title elementor-size-default\">\u30d1\u30c3\u30c1\u306e\u9069\u7528\u65b9\u6cd5\u306f\uff1f\n<\/h4>\t\t\t\t<\/div>\n\t\t\t\t<\/div>\n\t\t\t\t<div class=\"elementor-element elementor-element-cca767a elementor-widget elementor-widget-text-editor\" data-id=\"cca767a\" data-element_type=\"widget\" data-e-type=\"widget\" data-widget_type=\"text-editor.default\">\n\t\t\t\t<div class=\"elementor-widget-container\">\n\t\t\t\t\t\t\t\t\t<p>\u30d1\u30c3\u30c1\u3092\u8cbc\u308b\u306e\u306b\u5f79\u7acb\u306450\u306e\u30d3\u30c7\u30aa\u30fb\u30c1\u30e5\u30fc\u30c8\u30ea\u30a2\u30eb\u304c\u3001\u4e16\u754c\u3068\u30dc\u30c7\u30a3\u30fb\u30be\u30fc\u30f3\u5225\u306b\u30a6\u30a7\u30d6\u30b5\u30a4\u30c8\u306b\u63b2\u8f09\u3055\u308c\u3066\u3044\u307e\u3059\u3002 <br \/>\u500b\u4eba\u7684\u306a\u30a2\u30c9\u30d0\u30a4\u30b9\u304c\u5fc5\u8981\u306a\u5834\u5408\u306f\u3001\u9060\u616e\u306a\u304fsante@stimcareonline.com\u3002\u30ab\u30b9\u30bf\u30e0\u30e1\u30a4\u30c9\u306e\u30d1\u30c3\u30c1\u8cbc\u4ed8\u306e\u8a13\u7df4\u3092\u53d7\u3051\u305f\u30bb\u30e9\u30d4\u30b9\u30c8\u304c\u559c\u3093\u3067\u304a\u624b\u4f1d\u3044\u3044\u305f\u3057\u307e\u3059\u3002<\/p>\t\t\t\t\t\t\t\t<\/div>\n\t\t\t\t<\/div>\n\t\t\t\t\t<\/div>\n\t\t<\/div>\n\t\t\t\t\t<\/div>\n\t\t<\/section>\n\t\t\t\t<section class=\"elementor-section elementor-top-section elementor-element elementor-element-0550455 elementor-section-boxed elementor-section-height-default elementor-section-height-default\" data-id=\"0550455\" data-element_type=\"section\" data-e-type=\"section\" data-settings=\"{&quot;jet_parallax_layout_list&quot;:[]}\">\n\t\t\t\t\t\t<div class=\"elementor-container elementor-column-gap-default\">\n\t\t\t\t\t<div class=\"elementor-column elementor-col-100 elementor-top-column elementor-element elementor-element-0a2660d\" data-id=\"0a2660d\" data-element_type=\"column\" data-e-type=\"column\">\n\t\t\t<div class=\"elementor-widget-wrap elementor-element-populated\">\n\t\t\t\t\t\t<div class=\"elementor-element elementor-element-4559009 elementor-widget elementor-widget-heading\" data-id=\"4559009\" data-element_type=\"widget\" data-e-type=\"widget\" data-widget_type=\"heading.default\">\n\t\t\t\t<div class=\"elementor-widget-container\">\n\t\t\t\t\t<h4 class=\"elementor-heading-title elementor-size-default\">\u30d1\u30c3\u30c1\u306f\u3069\u306e\u304f\u3089\u3044\u6301\u7d9a\u3057\u307e\u3059\u304b\uff1f\n<\/h4>\t\t\t\t<\/div>\n\t\t\t\t<\/div>\n\t\t\t\t<div class=\"elementor-element elementor-element-fed9116 elementor-widget elementor-widget-text-editor\" data-id=\"fed9116\" data-element_type=\"widget\" data-e-type=\"widget\" data-widget_type=\"text-editor.default\">\n\t\t\t\t<div class=\"elementor-widget-container\">\n\t\t\t\t\t\t\t\t\t<p>STIMCARE\u30d1\u30c3\u30c1\u306f\u3001\u305d\u306e\u9769\u65b0\u7684\u3067\u30e6\u30cb\u30fc\u30af\u306a\u4f5c\u7528\u6a5f\u5e8f\u3060\u3051\u3067\u306a\u304f\u3001\u305d\u306e\u4f7f\u7528\u671f\u9593\u306b\u304a\u3044\u3066\u3082\u969b\u7acb\u3063\u3066\u3044\u308b\u3002\u30d1\u30c3\u30c1\u306f\u6700\u4f4e3\u65e5\u9593\u3001\u6700\u95778\u65e5\u9593\u4f7f\u7528\u3067\u304d\u308b\u3002\u6c57\u3084\u30b7\u30e3\u30ef\u30fc\u306b\u3082\u5f37\u3044\u3002<\/p>\t\t\t\t\t\t\t\t<\/div>\n\t\t\t\t<\/div>\n\t\t\t\t\t<\/div>\n\t\t<\/div>\n\t\t\t\t\t<\/div>\n\t\t<\/section>\n\t\t\t\t<section class=\"elementor-section elementor-top-section elementor-element elementor-element-88d2b9b elementor-section-boxed elementor-section-height-default elementor-section-height-default\" data-id=\"88d2b9b\" data-element_type=\"section\" data-e-type=\"section\" data-settings=\"{&quot;jet_parallax_layout_list&quot;:[]}\">\n\t\t\t\t\t\t<div class=\"elementor-container elementor-column-gap-default\">\n\t\t\t\t\t<div class=\"elementor-column elementor-col-100 elementor-top-column elementor-element elementor-element-d0e5cfe\" data-id=\"d0e5cfe\" data-element_type=\"column\" data-e-type=\"column\">\n\t\t\t<div class=\"elementor-widget-wrap elementor-element-populated\">\n\t\t\t\t\t\t<div class=\"elementor-element elementor-element-278c9af elementor-widget elementor-widget-heading\" data-id=\"278c9af\" data-element_type=\"widget\" data-e-type=\"widget\" data-widget_type=\"heading.default\">\n\t\t\t\t<div class=\"elementor-widget-container\">\n\t\t\t\t\t<h4 class=\"elementor-heading-title elementor-size-default\">\u30d1\u30c3\u30c1\u306e\u9055\u3044\u306f\u4f55\u3067\u3059\u304b\uff1f<\/h4>\t\t\t\t<\/div>\n\t\t\t\t<\/div>\n\t\t\t\t<div class=\"elementor-element elementor-element-1a4e6bd elementor-widget elementor-widget-text-editor\" data-id=\"1a4e6bd\" data-element_type=\"widget\" data-e-type=\"widget\" data-widget_type=\"text-editor.default\">\n\t\t\t\t<div class=\"elementor-widget-container\">\n\t\t\t\t\t\t\t\t\t\u30d1\u30c3\u30c1\u306f\u3059\u3079\u3066\u3001\u8d64\u5916\u7dda\u53cd\u5c04\u3068\u3044\u3046\u540c\u3058\u539f\u7406\u3067\u6a5f\u80fd\u3059\u308b\u3002\u30d1\u30c3\u30c1\u306e\u8272\u306e\u9055\u3044\u306f\u672c\u8cea\u7684\u306b\u7f8e\u7684\u306a\u3082\u306e\u3067\u3042\u308b\u3002\n\n\u3067\u3059\u304b\u3089\u3001\u3069\u306e\u30d1\u30c3\u30c1\u3082\u3069\u306e\u3088\u3046\u306a\u30bf\u30a4\u30d7\u306e\u4e0d\u5feb\u611f\u306b\u3082\u4f7f\u7528\u3067\u304d\u3001\u6700\u3082\u91cd\u8981\u306a\u306e\u306f\u305d\u306e\u914d\u7f6e\u3067\u3059\u3002\u305d\u306e\u305f\u3081\u306b\u3001\u79c1\u305f\u3061\u306f\u3053\u306e\u30b5\u30a4\u30c8\u3067\u63d0\u4f9b\u3059\u308b\u3055\u307e\u3056\u307e\u306a\u4e16\u754c\uff08\u30b9\u30dd\u30fc\u30c4\u3068\u5065\u5eb7\uff1a\u95a2\u7bc0\u3001\u6d88\u5316\u3001\u751f\u7406\uff09\u3092\u4f5c\u308a\u3001\u95a2\u9023\u3059\u308b\u30d3\u30c7\u30aa\u30c1\u30e5\u30fc\u30c8\u30ea\u30a2\u30eb\u3092\u307e\u3068\u3081\u307e\u3057\u305f\u3002\t\t\t\t\t\t\t\t<\/div>\n\t\t\t\t<\/div>\n\t\t\t\t<div class=\"elementor-element elementor-element-e013b64 elementor-widget elementor-widget-spacer\" data-id=\"e013b64\" data-element_type=\"widget\" data-e-type=\"widget\" data-widget_type=\"spacer.default\">\n\t\t\t\t<div class=\"elementor-widget-container\">\n\t\t\t\t\t\t\t<div class=\"elementor-spacer\">\n\t\t\t<div class=\"elementor-spacer-inner\"><\/div>\n\t\t<\/div>\n\t\t\t\t\t\t<\/div>\n\t\t\t\t<\/div>\n\t\t\t\t\t<\/div>\n\t\t<\/div>\n\t\t\t\t\t<\/div>\n\t\t<\/section>\n\t\t\t\t<section class=\"elementor-section elementor-top-section elementor-element elementor-element-31c4e5c elementor-section-boxed elementor-section-height-default elementor-section-height-default\" data-id=\"31c4e5c\" data-element_type=\"section\" data-e-type=\"section\" data-settings=\"{&quot;jet_parallax_layout_list&quot;:[]}\">\n\t\t\t\t\t\t<div class=\"elementor-container elementor-column-gap-default\">\n\t\t\t\t\t<div class=\"elementor-column elementor-col-100 elementor-top-column elementor-element elementor-element-e57323c\" data-id=\"e57323c\" data-element_type=\"column\" data-e-type=\"column\">\n\t\t\t<div class=\"elementor-widget-wrap elementor-element-populated\">\n\t\t\t\t\t\t<div class=\"elementor-element elementor-element-63f32f6 elementor-widget elementor-widget-heading\" data-id=\"63f32f6\" data-element_type=\"widget\" data-e-type=\"widget\" data-widget_type=\"heading.default\">\n\t\t\t\t<div class=\"elementor-widget-container\">\n\t\t\t\t\t<h4 class=\"elementor-heading-title elementor-size-default\">\u5929\u7136\u3067\u7d4c\u76ae\u5438\u53ce\u3067\u306a\u3044\u88fd\u54c1\u3068\u306f\u3069\u3046\u3044\u3046\u610f\u5473\u3067\u3059\u304b\uff1f<\/h4>\t\t\t\t<\/div>\n\t\t\t\t<\/div>\n\t\t\t\t<div class=\"elementor-element elementor-element-61d37bc elementor-widget elementor-widget-text-editor\" data-id=\"61d37bc\" data-element_type=\"widget\" data-e-type=\"widget\" data-widget_type=\"text-editor.default\">\n\t\t\t\t<div class=\"elementor-widget-container\">\n\t\t\t\t\t\t\t\t\t<p>STIMCARE\u306e\u30d1\u30c3\u30c1\u306f\u3001\u53b3\u9078\u3055\u308c\u305f\u5929\u7136\u30df\u30cd\u30e9\u30eb\u3068\u70ad\u7d20\u7cfb\u30df\u30cd\u30e9\u30eb\u3001\u5929\u7136\u30b4\u30e0\u7cca\u3001\u6709\u5bb3\u7269\u8cea\u304c\u542b\u307e\u308c\u3066\u3044\u306a\u3044\u3053\u3068\u304c\u4fdd\u8a3c\u3055\u308c\u305f\u30a8\u30b3\u30c6\u30c3\u30af\u30b9\u8a8d\u8a3c\u306e\u30b3\u30c3\u30c8\u30f3\u3001\u5929\u7136\u30a4\u30f3\u30af\u306a\u3069\u3001\u81ea\u7136\u74b0\u5883\u306b\u914d\u616e\u3057\u305f\u88fd\u54c1\u3067\u4f5c\u3089\u308c\u3066\u3044\u307e\u3059\u3002 <br>\u30d1\u30c3\u30c1\u306f\u975e\u7d4c\u76ae\u5438\u53ce\u578b\u3067\u3042\u308a\u3001\u88fd\u54c1\u304c\u4f53\u5185\u306b\u5165\u308b\u3053\u3068\u306f\u306a\u3044\u3002<br><\/p>\t\t\t\t\t\t\t\t<\/div>\n\t\t\t\t<\/div>\n\t\t\t\t\t<\/div>\n\t\t<\/div>\n\t\t\t\t\t<\/div>\n\t\t<\/section>\n\t\t\t\t<section class=\"elementor-section elementor-top-section elementor-element elementor-element-1a311e6 elementor-section-boxed elementor-section-height-default elementor-section-height-default\" data-id=\"1a311e6\" data-element_type=\"section\" data-e-type=\"section\" data-settings=\"{&quot;jet_parallax_layout_list&quot;:[]}\">\n\t\t\t\t\t\t<div class=\"elementor-container elementor-column-gap-default\">\n\t\t\t\t\t<div class=\"elementor-column elementor-col-100 elementor-top-column elementor-element elementor-element-325b240\" data-id=\"325b240\" data-element_type=\"column\" data-e-type=\"column\">\n\t\t\t<div class=\"elementor-widget-wrap elementor-element-populated\">\n\t\t\t\t\t\t<div class=\"elementor-element elementor-element-3f730c8 elementor-align-center elementor-widget elementor-widget-button\" data-id=\"3f730c8\" data-element_type=\"widget\" data-e-type=\"widget\" data-widget_type=\"button.default\">\n\t\t\t\t<div class=\"elementor-widget-container\">\n\t\t\t\t\t\t\t\t\t<div class=\"elementor-button-wrapper\">\n\t\t\t\t\t<a class=\"elementor-button elementor-button-link elementor-size-sm\" href=\"\">\n\t\t\t\t\t\t<span class=\"elementor-button-content-wrapper\">\n\t\t\t\t\t\t\t\t\t<span class=\"elementor-button-text\">\u30d1\u30c3\u30c1\u3092\u6ce8\u6587\u3059\u308b <\/span>\n\t\t\t\t\t<\/span>\n\t\t\t\t\t<\/a>\n\t\t\t\t<\/div>\n\t\t\t\t\t\t\t\t<\/div>\n\t\t\t\t<\/div>\n\t\t\t\t\t<\/div>\n\t\t<\/div>\n\t\t\t\t\t<\/div>\n\t\t<\/section>\n\t\t\t\t<\/div>","protected":false},"excerpt":{"rendered":"<p>\/*! elementor &#8211; v3.20.0 &#8211; 20-03-2024 *\/ .elementor-heading-title{padding:0;margin:0;line-height:1}.elementor-widget-heading .elementor-heading-title[class*=elementor-size-]&gt;a{color:inherit;font-size:inherit;line-height:inherit}.elementor-widget-heading .elementor-heading-title.elementor-size-small{font-size:15px}.elementor-widget-heading .elementor-heading-title.elementor-size-medium{font-size:19px}.elementor-widget-heading .elementor-heading-title.elementor-size-large{font-size:29px}.elementor-widget-heading .elementor-heading-title.elementor-size-xl{font-size:39px}.elementor-widget-heading .elementor-heading-title.elementor-size-xxl{font-size:59px} FAQ Qu\u2019est-ce qu\u2019un patch STIMCARE ? STIMCARE a con\u00e7u pour vous un patch naturel et simple \u00e0 utiliser pour soulager vos douleurs m\u00eame pendant l\u2019effort. Une innovation \u00e9co-responsable au service de vos performances pour apaiser vos g\u00eanes articulaires, musculaires et ligamentaires. Comment fonctionne le patch STIMCARE ? Le patch STIMCARE s\u2019appuie sur la technologie eNOsyntex pour renvoyer comme un miroir les infrarouges \u00e9mis par le corps humain. Cette r\u00e9flexion des infrarouges stimule la micro-circulation sanguine, am\u00e9liore le taux d\u2019oxyg\u00e9nation et favorise la r\u00e9g\u00e9n\u00e9ration cellulaire. Les toxines accumul\u00e9es lors de l\u2019inflammation sont drain\u00e9es et la douleur est [&hellip;]<\/p>\n","protected":false},"author":6,"featured_media":0,"parent":0,"menu_order":0,"comment_status":"closed","ping_status":"closed","template":"","meta":{"om_disable_all_campaigns":false,"footnotes":""},"class_list":["post-37527","page","type-page","status-publish","hentry"],"aioseo_notices":[],"_links":{"self":[{"href":"https:\/\/stimcareonline.com\/ja\/wp-json\/wp\/v2\/pages\/37527","targetHints":{"allow":["GET"]}}],"collection":[{"href":"https:\/\/stimcareonline.com\/ja\/wp-json\/wp\/v2\/pages"}],"about":[{"href":"https:\/\/stimcareonline.com\/ja\/wp-json\/wp\/v2\/types\/page"}],"author":[{"embeddable":true,"href":"https:\/\/stimcareonline.com\/ja\/wp-json\/wp\/v2\/users\/6"}],"replies":[{"embeddable":true,"href":"https:\/\/stimcareonline.com\/ja\/wp-json\/wp\/v2\/comments?post=37527"}],"version-history":[{"count":5,"href":"https:\/\/stimcareonline.com\/ja\/wp-json\/wp\/v2\/pages\/37527\/revisions"}],"predecessor-version":[{"id":38101,"href":"https:\/\/stimcareonline.com\/ja\/wp-json\/wp\/v2\/pages\/37527\/revisions\/38101"}],"wp:attachment":[{"href":"https:\/\/stimcareonline.com\/ja\/wp-json\/wp\/v2\/media?parent=37527"}],"curies":[{"name":"wp","href":"https:\/\/api.w.org\/{rel}","templated":true}]}}