{"id":26,"date":"2022-03-04T11:53:48","date_gmt":"2022-03-04T10:53:48","guid":{"rendered":"https:\/\/stimcareonline.com\/?page_id=26"},"modified":"2024-01-31T12:08:01","modified_gmt":"2024-01-31T11:08:01","slug":"mentions-legales","status":"publish","type":"page","link":"https:\/\/stimcareonline.com\/ja\/mentions-legales\/","title":{"rendered":"\u6cd5\u7684\u60c5\u5831"},"content":{"rendered":"<div data-elementor-type=\"wp-page\" data-elementor-id=\"26\" class=\"elementor elementor-26\" data-elementor-post-type=\"page\">\n\t\t\t\t\t\t<section class=\"elementor-section elementor-top-section elementor-element elementor-element-99a19ff elementor-section-boxed elementor-section-height-default elementor-section-height-default\" data-id=\"99a19ff\" data-element_type=\"section\" data-e-type=\"section\" data-settings=\"{&quot;jet_parallax_layout_list&quot;:[]}\">\n\t\t\t\t\t\t<div class=\"elementor-container elementor-column-gap-default\">\n\t\t\t\t\t<div class=\"elementor-column elementor-col-100 elementor-top-column elementor-element elementor-element-21cc27e\" data-id=\"21cc27e\" data-element_type=\"column\" data-e-type=\"column\">\n\t\t\t<div class=\"elementor-widget-wrap elementor-element-populated\">\n\t\t\t\t\t\t<div class=\"elementor-element elementor-element-86ab9e7 elementor-widget elementor-widget-text-editor\" data-id=\"86ab9e7\" data-element_type=\"widget\" data-e-type=\"widget\" data-widget_type=\"text-editor.default\">\n\t\t\t\t<div class=\"elementor-widget-container\">\n\t\t\t\t\t\t\t\t\t<h3>1.\u898f\u5247<\/h3>\n<p>2004\u5e746\u670823\u65e5\u306b\u65bd\u884c\u3055\u308c\u305f\u30c7\u30b8\u30bf\u30eb\u7d4c\u6e08\u306b\u304a\u3051\u308b\u4fe1\u983c\u306b\u95a2\u3059\u308b2004\u5e746\u670821\u65e5\u4ed8\u6cd5\u5f8b\u7b2c2004-575\u53f7\u7b2c6-\u2162-1\u00b0\u304a\u3088\u3073\u7b2c19\u6761\u306e\u898f\u5b9a\u306b\u57fa\u3065\u304d\u3001\u672c\u30b5\u30a4\u30c8\u306e\u767a\u884c\u8005\u304a\u3088\u3073\u30db\u30b9\u30c8\u306e\u9023\u7d61\u5148\u3092\u4ee5\u4e0b\u306b\u793a\u3057\u307e\u3059\u3002<\/p>\n<h3>2.&nbsp;<em>\u51fa\u7248\u793e\u306e\u8a73\u7d30<\/em><\/h3>\n<p>\u3053\u306e\u30a6\u30a7\u30d6\u30b5\u30a4\u30c8\u306fTORTEL INDUSTRIES\u306b\u3088\u3063\u3066\u516c\u958b\u3055\u308c\u3066\u3044\u307e\u3059\u3002<a>\u8cc7\u672c\u91d17,142\u30e6\u30fc\u30ed\u306e\u6709\u9650\u8cac\u4efb\u4f1a\u793e\u3067\u3001\u30ed\u30fc\u30de\u8cbf\u6613\u4f1a\u793e\u767b\u9332\u756a\u53f7799 612 460\u306b\u767b\u9332\u3055\u308c\u3066\u304a\u308a\u3001\u767b\u8a18\u4e0a\u306e\u4e8b\u52d9\u6240\u306f2761 Les Rouvieres, 26220 DIEULEFIT\u306b\u3042\u308a\u3001\u4ee3\u8868\u8005\u306f\u4f1a\u9577\u306eArnaud TORTEL\u6c0f\u3067\u3042\u308b\u3002<\/a>.<\/p>\n<p>E\u30e1\u30fc\u30eb\uff1acontact@stimcareonline.com<\/p>\n<h3 style=\"font-family: Apax, sans-serif; color: #000000;\">3. <em>\u30a6\u30a7\u30d6\u30b5\u30a4\u30c8\u306e\u4f5c\u6210<\/em><\/h3>\n<p>\u540d\u79f0\uff1aAltazir Ops LP<\/p>\n<p>\u4f4f\u6240\uff1a\u30b5\u30a6\u30b9\u30fb\u30b7\u30e3\u30fc\u30ed\u30c3\u30c8\u30fb\u30b9\u30c8\u30ea\u30fc\u30c85\u756a\u5730<br>\u30a8\u30c7\u30a3\u30f3\u30d0\u30e9 EH2 4AN, \u30b9\u30b3\u30c3\u30c8\u30e9\u30f3\u30c9, \u30a4\u30ae\u30ea\u30b9<\/p>\n<p>\u8b58\u5225\u756a\u53f7\uff1a&nbsp;<strong>SL036684<\/strong>&nbsp;<\/p>\n<p>\u6cd5\u7684\u5f62\u614b\uff1aLP<\/p>\n<p>\u96fb\u5b50\u30e1\u30fc\u30eb : hello@altazir-ops.com<\/p>\n<h3>4.&nbsp;<em>\u30b5\u30a4\u30c8\u30db\u30b9\u30c8\u306e\u8a73\u7d30\uff1a<\/em><\/h3>\n<p>\u672c\u30b5\u30a4\u30c8\u306f\u3001Infomaniak Network SA, rue Eug\u00e8ne Marziano 25, 1227 Les Acacias (GE)\u306b\u3088\u3063\u3066\u30db\u30b9\u30c8\u3055\u308c\u3001\u7ba1\u7406\u3055\u308c\u3066\u3044\u307e\u3059\u3002<\/p>\n<p>\u672c\u793e\uff1a\u30b9\u30a4\u30b9\u3001\u30b8\u30e5\u30cd\u30fc\u30d6\u3001\u30ec\u30fb\u30a2\u30ab\u30b7\u30a2<\/p>\n<p>\u30b8\u30e5\u30cd\u30fc\u30d6\u5dde\u5546\u696d\u767b\u8a18\uff1aCH-660.0.059.996-1<\/p>\n<p>IDE\u756a\u53f7\uff1aCHE-103.167.648<\/p>\n<p>VAT\u756a\u53f7 : CHE-103.167.648<\/p>\n<h3>5. <em>\u77e5\u7684\u8ca1\u7523<\/em><\/h3>\n<p>\u672c\u30b5\u30a4\u30c8\u306b\u63b2\u8f09\u3055\u308c\u3066\u3044\u308b\u3059\u3079\u3066\u306e\u30c7\u30fc\u30bf\u3001\u30c6\u30ad\u30b9\u30c8\u3001\u753b\u50cf\u3001\u5199\u771f\u3001\u305d\u306e\u4ed6\u3059\u3079\u3066\u306e\u30b3\u30f3\u30c6\u30f3\u30c4\u306f\u3001\u77e5\u7684\u8ca1\u7523\u6a29\u6cd5\u306b\u3088\u308a\u4fdd\u8b77\u3055\u308c\u3066\u3044\u307e\u3059\u3002<\/p>\n<p>TORTEL INDUSTRIES\u306f\u3001\u672c\u30b5\u30a4\u30c8\u306b\u4ed8\u968f\u3059\u308b\u3059\u3079\u3066\u306e\u77e5\u7684\u8ca1\u7523\u6a29\u306e\u552f\u4e00\u306e\u6240\u6709\u8005\u3067\u3059\u3002<\/p>\n<p>\u30d5\u30e9\u30f3\u30b9\u77e5\u7684\u8ca1\u7523\u6cd5\u5178L.122-5-2\u00b0\u304a\u3088\u3073L.122-5-3\u00b0\u306b\u57fa\u3065\u304d\u3001\u4ee5\u4e0b\u306e\u3082\u306e\u306e\u307f\u304c\u8a8d\u53ef\u3055\u308c\u308b\uff1a&nbsp;<\/p>\n<ul>\n<li>\u30b3\u30d4\u30fc\u307e\u305f\u306f\u8907\u88fd\u306f\u3001\u30b3\u30d4\u30fc\u8005\u306e\u79c1\u7684\u4f7f\u7528\u306e\u305f\u3081\u306b\u53b3\u91cd\u306b\u7559\u4fdd\u3055\u308c\u3001\u96c6\u56e3\u7684\u4f7f\u7528\u3092\u610f\u56f3\u3057\u305f\u3082\u306e\u3067\u306f\u306a\u3044\u300d\u3001\u304a\u3088\u3073\uff1b<\/li>\n<li>\u305f\u3060\u3057\u3001\u8457\u8005\u540d\u3068\u51fa\u5178\u3092\u660e\u8a18\u3059\u308b\u3053\u3068\uff1a<\/li>\n<\/ul>\n<p>\u300c\u6279\u8a55\u7684\u3001\u6975\u8ad6\u7684\u3001\u6559\u80b2\u7684\u3001\u79d1\u5b66\u7684\u3001\u3042\u308b\u3044\u306f\u60c5\u5831\u7684\u306a\u3082\u306e\u3068\u3057\u3066\u6b63\u5f53\u5316\u3055\u308c\u308b\u5206\u6790\u3068\u77ed\u3044\u5f15\u7528\u300d\u3002<\/p>\n<p>\u5f93\u3063\u3066\u3001\u524d\u8ff0\u306e\u4f8b\u5916\u3092\u9664\u304d\u3001TORTEL INDUSTRIES\u306e\u66f8\u9762\u306b\u3088\u308b\u4e8b\u524d\u306e\u540c\u610f\u306a\u3057\u306b\u3001\u672c\u30b5\u30a4\u30c8\u306e\u5168\u90e8\u307e\u305f\u306f\u4e00\u90e8\u3092\u8868\u793a\u3001\u5229\u7528\u53ef\u80fd\u306b\u3059\u308b\u3053\u3068\u3001\u8907\u88fd\u3059\u308b\u3053\u3068\u306f\u9055\u6cd5\u3068\u306a\u308a\u307e\u3059\uff08\u30d5\u30e9\u30f3\u30b9\u77e5\u7684\u8ca1\u7523\u6cd5\u5178L.122-4\u6761\uff09\u3002<\/p>\n<h3>6.\u30b5\u30a4\u30c8\u3067\u5165\u624b\u53ef\u80fd\u306a\u60c5\u5831<\/h3>\n<p>\u30c8\u30eb\u30c6\u30eb\u5de5\u696d\u306f\u3001\u672c\u30b5\u30a4\u30c8\u3067\u5171\u6709\u3055\u308c\u308b\u60c5\u5831\u304c\u6b63\u78ba\u304b\u3064\u6700\u65b0\u306e\u3082\u306e\u3067\u3042\u308b\u3088\u3046\u6700\u5927\u9650\u306e\u52aa\u529b\u3092\u6255\u3044\u307e\u3059\u3002\u3057\u304b\u3057\u306a\u304c\u3089\u3001TORTEL INDUSTRIES\u306f\u3001\u672c\u30b5\u30a4\u30c8\u3067\u5229\u7528\u53ef\u80fd\u306a\u533b\u5b66\u7684\u79d1\u5b66\u7684\u9032\u6b69\u306b\u95a2\u3059\u308b\u60c5\u5831\u306e\u6b63\u78ba\u6027\u3001\u5b8c\u5168\u6027\u3001\u6700\u65b0\u6027\u3092\u4fdd\u8a3c\u3059\u308b\u3082\u306e\u3067\u306f\u3042\u308a\u307e\u305b\u3093\u3002&nbsp;<\/p>\n<p>\u5f93\u3063\u3066\u3001\u30c8\u30eb\u30c6\u30eb\u30fb\u30a4\u30f3\u30c0\u30b9\u30c8\u30ea\u30fc\u30ba\u793e\u3068\u305d\u306e\u5f79\u54e1\u304a\u3088\u3073\u53d6\u7de0\u5f79\u306f\u3001\u9069\u7528\u3055\u308c\u308b\u6cd5\u5f8b\u304c\u8a31\u5bb9\u3059\u308b\u6700\u5927\u9650\u306e\u7bc4\u56f2\u306b\u304a\u3044\u3066\u3001\u76f4\u63a5\u7684\u3001\u9593\u63a5\u7684\u3001\u7d50\u679c\u7684\u3001\u8eab\u4f53\u7684\u3001\u7269\u8cea\u7684\u3001\u5fc3\u7406\u7684\u6027\u8cea\u3092\u542b\u3080\u304c\u3053\u308c\u306b\u9650\u5b9a\u3055\u308c\u306a\u3044\u3001\u3044\u304b\u306a\u308b\u640d\u5bb3\u306b\u5bfe\u3057\u3066\u3082\u3001\u305d\u306e\u7d50\u679c\u751f\u3058\u308b\u53ef\u80fd\u6027\u306e\u3042\u308b\u4e00\u5207\u306e\u8cac\u4efb\u3092\u5426\u8a8d\u3057\u307e\u3059\uff1a<\/p>\n<ul>\n<li>\u672c\u30b5\u30a4\u30c8\u3067\u5171\u6709\u3055\u308c\u308b\u60c5\u5831\u306b\u95a2\u3059\u308b\u8aa4\u308a\u3001\u8131\u843d\u3001\u4e0d\u6b63\u78ba\u3055\uff1b<\/li>\n<li>\u7b2c\u4e09\u8005\u306b\u3088\u308b\u30cf\u30c3\u30ad\u30f3\u30b0\u306b\u3088\u308a\u3001\u5229\u7528\u53ef\u80fd\u306a\u60c5\u5831\u3084\u8981\u7d20\u304c\u5909\u66f4\u3055\u308c\u308b\u3053\u3068\uff1b<\/li>\n<li>\u672c\u30b5\u30a4\u30c8\u3078\u306e\u30a2\u30af\u30bb\u30b9\u307e\u305f\u306f\u30a2\u30af\u30bb\u30b9\u4e0d\u80fd\u3001\u304a\u5ba2\u69d8\u306e\u30b3\u30f3\u30d4\u30e5\u30fc\u30bf\u6a5f\u5668\u306b\u611f\u67d3\u3059\u308b\u53ef\u80fd\u6027\u306e\u3042\u308b\u640d\u5bb3\u307e\u305f\u306f\u30a6\u30a4\u30eb\u30b9\u3092\u542b\u3080\u672c\u30b5\u30a4\u30c8\u306e\u4f7f\u7528\u3001\u304a\u3088\u3073\/\u307e\u305f\u306f\u304a\u5ba2\u69d8\u304c\u672c\u30b5\u30a4\u30c8\u304b\u3089\u76f4\u63a5\u307e\u305f\u306f\u9593\u63a5\u7684\u306b\u5165\u624b\u3057\u305f\u60c5\u5831\u306b\u5bc4\u305b\u308b\u4fe1\u983c\u306b\u3088\u3063\u3066\u751f\u3058\u305f\u3044\u304b\u306a\u308b\u4e0d\u5229\u76ca\u3082\u3001\u305d\u306e\u539f\u56e0\u3001\u6027\u8cea\u3001\u7d50\u679c\u306e\u5982\u4f55\u3092\u554f\u3044\u307e\u305b\u3093\u3002<\/li>\n<\/ul><div><br><\/div>\n<p>\u3053\u306e\u898f\u5b9a\u306f\u3001TORTEL INDUSTRIES\u304c\u305d\u306e\u3088\u3046\u306a\u640d\u5bb3\u306e\u53ef\u80fd\u6027\u3092\u77e5\u3089\u3055\u308c\u3066\u3044\u305f\u5834\u5408\u306b\u3082\u9069\u7528\u3055\u308c\u307e\u3059\u3002<br>\u672c\u30b5\u30a4\u30c8\u306f\u3001\u660e\u793a\u307e\u305f\u306f\u9ed9\u793a\u3092\u554f\u308f\u305a\u3001\u3044\u304b\u306a\u308b\u4fdd\u8a3c\u3082\u3059\u308b\u3082\u306e\u3067\u306f\u3042\u308a\u307e\u305b\u3093\u3002TORTEL INDUSTRIES\u306f\u3001\u660e\u793a\u307e\u305f\u306f\u9ed9\u793a\u3092\u554f\u308f\u305a\u3001\u5546\u54c1\u6027\u304a\u3088\u3073\u7279\u5b9a\u76ee\u7684\u3078\u306e\u9069\u5408\u6027\u306e\u9ed9\u793a\u4fdd\u8a3c\u3092\u542b\u3080\u304c\u3053\u308c\u306b\u9650\u5b9a\u3055\u308c\u306a\u3044\u3001\u3044\u304b\u306a\u308b\u4fdd\u8a3c\u3082\u884c\u3044\u307e\u305b\u3093\u3002<\/p><p>TORTEL INDUSTRIES\u306f\u3001\u672c\u30b5\u30a4\u30c8\u306e\u5185\u5bb9\u3092\u4e88\u544a\u306a\u3057\u306b\u5909\u66f4\u3059\u308b\u3053\u3068\u304c\u3042\u308a\u307e\u3059\u3002<\/p>\n<h3>7.\u5199\u771f\u30af\u30ec\u30b8\u30c3\u30c8<\/h3>\n<p>\u5199\u771f (c) Andy Parant<\/p>\n<p>\u30b2\u30c3\u30c6\u30a3 \u30a4\u30e1\u30fc\u30b8<\/p>\t\t\t\t\t\t\t\t<\/div>\n\t\t\t\t<\/div>\n\t\t\t\t\t<\/div>\n\t\t<\/div>\n\t\t\t\t\t<\/div>\n\t\t<\/section>\n\t\t\t\t<\/div>","protected":false},"excerpt":{"rendered":"<p>1. R\u00e9glementation Conform\u00e9ment aux dispositions des articles 6-III-1\u00b0 et 19 de la loi n\u00b0 2004-575 du 21 juin 2004 pour la confiance dans l\u2019\u00e9conomie num\u00e9rique entr\u00e9e en vigueur le 23 juin 2004, les coordonn\u00e9es de l\u2019\u00e9diteur et de l\u2019h\u00e9bergeur du Site sont indiqu\u00e9es ci-dessous. 2.&nbsp;Coordonn\u00e9es de l\u2019\u00e9diteur Le pr\u00e9sent site est \u00e9dit\u00e9 par la soci\u00e9t\u00e9 TORTEL INDUSTRIES, Soci\u00e9t\u00e9 \u00e0 responsabilit\u00e9 limit\u00e9e, au capital de 7 142 euros, immatricul\u00e9e au registre du commerce et des soci\u00e9t\u00e9s de Romans sous le n\u00b0 799 612 460, dont le si\u00e8ge social sis 2761 Les Rouvieres, 26220 DIEULEFIT, Repr\u00e9sent\u00e9e par son Pr\u00e9sident, Monsieur Arnaud TORTEL. E-mail : contact@stimcareonline.com 3. Cr\u00e9ation du site internet D\u00e9nomination\u202f: Altazir [&hellip;]<\/p>\n","protected":false},"author":1,"featured_media":0,"parent":0,"menu_order":0,"comment_status":"closed","ping_status":"closed","template":"","meta":{"om_disable_all_campaigns":false,"footnotes":""},"class_list":["post-26","page","type-page","status-publish","hentry"],"aioseo_notices":[],"_links":{"self":[{"href":"https:\/\/stimcareonline.com\/ja\/wp-json\/wp\/v2\/pages\/26","targetHints":{"allow":["GET"]}}],"collection":[{"href":"https:\/\/stimcareonline.com\/ja\/wp-json\/wp\/v2\/pages"}],"about":[{"href":"https:\/\/stimcareonline.com\/ja\/wp-json\/wp\/v2\/types\/page"}],"author":[{"embeddable":true,"href":"https:\/\/stimcareonline.com\/ja\/wp-json\/wp\/v2\/users\/1"}],"replies":[{"embeddable":true,"href":"https:\/\/stimcareonline.com\/ja\/wp-json\/wp\/v2\/comments?post=26"}],"version-history":[{"count":5,"href":"https:\/\/stimcareonline.com\/ja\/wp-json\/wp\/v2\/pages\/26\/revisions"}],"predecessor-version":[{"id":36850,"href":"https:\/\/stimcareonline.com\/ja\/wp-json\/wp\/v2\/pages\/26\/revisions\/36850"}],"wp:attachment":[{"href":"https:\/\/stimcareonline.com\/ja\/wp-json\/wp\/v2\/media?parent=26"}],"curies":[{"name":"wp","href":"https:\/\/api.w.org\/{rel}","templated":true}]}}