{"id":26,"date":"2022-03-04T11:53:48","date_gmt":"2022-03-04T10:53:48","guid":{"rendered":"https:\/\/stimcareonline.com\/?page_id=26"},"modified":"2024-01-31T12:08:01","modified_gmt":"2024-01-31T11:08:01","slug":"mentions-legales","status":"publish","type":"page","link":"https:\/\/stimcareonline.com\/it\/mentions-legales\/","title":{"rendered":"Informazioni legali"},"content":{"rendered":"<div data-elementor-type=\"wp-page\" data-elementor-id=\"26\" class=\"elementor elementor-26\" data-elementor-post-type=\"page\">\n\t\t\t\t\t\t<section class=\"elementor-section elementor-top-section elementor-element elementor-element-99a19ff elementor-section-boxed elementor-section-height-default elementor-section-height-default\" data-id=\"99a19ff\" data-element_type=\"section\" data-e-type=\"section\" data-settings=\"{&quot;jet_parallax_layout_list&quot;:[]}\">\n\t\t\t\t\t\t<div class=\"elementor-container elementor-column-gap-default\">\n\t\t\t\t\t<div class=\"elementor-column elementor-col-100 elementor-top-column elementor-element elementor-element-21cc27e\" data-id=\"21cc27e\" data-element_type=\"column\" data-e-type=\"column\">\n\t\t\t<div class=\"elementor-widget-wrap elementor-element-populated\">\n\t\t\t\t\t\t<div class=\"elementor-element elementor-element-86ab9e7 elementor-widget elementor-widget-text-editor\" data-id=\"86ab9e7\" data-element_type=\"widget\" data-e-type=\"widget\" data-widget_type=\"text-editor.default\">\n\t\t\t\t<div class=\"elementor-widget-container\">\n\t\t\t\t\t\t\t\t\t<h3>1. Regolamenti<\/h3>\n<p>In conformit\u00e0 con le disposizioni degli articoli 6-III-1\u00b0 e 19 della legge n. 2004-575 del 21 giugno 2004 sulla fiducia nell'economia digitale, entrata in vigore il 23 giugno 2004, i dati di contatto dell'editore e dell'host del Sito sono indicati di seguito.<\/p>\n<h3>2.&nbsp;<em>Dettagli dell'editore<\/em><\/h3>\n<p>Questo sito web \u00e8 pubblicato da TORTEL INDUSTRIES<a>Societ\u00e0 a responsabilit\u00e0 limitata con capitale di 7.142 euro, iscritta al Registro del Commercio e delle Imprese di Roma con il numero 799 612 460, con sede legale a 2761 Les Rouvieres, 26220 DIEULEFIT, rappresentata dal suo Presidente, Arnaud TORTEL.<\/a>.<\/p>\n<p>E-mail: contact@stimcareonline.com<\/p>\n<h3 style=\"font-family: Apax, sans-serif; color: #000000;\">3. <em>Creazione del sito web<\/em><\/h3>\n<p>Nome: Altazir Ops LP<\/p>\n<p>Indirizzo: 5 South Charlotte Street,<br>Edimburgo EH2 4AN, Scozia, Regno Unito<\/p>\n<p>Numero di identificazione :&nbsp;<strong>SL036684<\/strong>&nbsp;<\/p>\n<p>Forma giuridica: LP<\/p>\n<p>Email : hello@altazir-ops.com<\/p>\n<h3>4.&nbsp;<em>Dettagli dell'host del sito :<\/em><\/h3>\n<p>Il Sito \u00e8 ospitato e amministrato da Infomaniak Network SA, rue Eug\u00e8ne Marziano 25, 1227 Les Acacias (GE).<\/p>\n<p>Sede della societ\u00e0: Les Acacias, Ginevra, Svizzera<\/p>\n<p>Registro commerciale del Cantone di Ginevra: CH-660.0.059.996-1<\/p>\n<p>Numero IDE : CHE-103.167.648<\/p>\n<p>Numero di partita IVA: CHE-103.167.648<\/p>\n<h3>5. <em>Propriet\u00e0 intellettuale<\/em><\/h3>\n<p>Tutti i dati, i testi, le immagini, le fotografie e, pi\u00f9 in generale, tutti i contenuti pubblicati sul Sito sono protetti dalla legge sulla propriet\u00e0 intellettuale.<\/p>\n<p>TORTEL INDUSTRIES \u00e8 l'unico proprietario di tutti i diritti di propriet\u00e0 intellettuale legati a questo Sito.<\/p>\n<p>Ai sensi degli articoli L.122-5-2\u00b0 e L.122-5-3\u00b0 del Codice della Propriet\u00e0 Intellettuale francese, sono autorizzati solo i seguenti prodotti:&nbsp;<\/p>\n<ul>\n<li>copie o riproduzioni strettamente riservate all'uso privato del copista e non destinate all'uso collettivo\" e ;<\/li>\n<li>a condizione che vengano citati il nome dell'autore e la fonte:<\/li>\n<\/ul>\n<p>\"analisi e brevi citazioni giustificate come critiche, polemiche, educative, scientifiche o informative\".<\/p>\n<p>Di conseguenza, fatte salve le eccezioni di cui sopra, qualsiasi rappresentazione, messa a disposizione, riproduzione totale o parziale di tutto o parte del Sito senza il previo consenso scritto di TORTEL INDUSTRIES \u00e8 illegale (articolo L.122-4 del Codice della propriet\u00e0 intellettuale francese).<\/p>\n<h3>6. Informazioni disponibili sul sito<\/h3>\n<p>TORTEL INDUSTRIES compie ogni sforzo per garantire che le informazioni condivise sul Sito siano accurate e aggiornate. Tuttavia, TORTEL INDUSTRIES non pu\u00f2 garantire l'accuratezza, la completezza o l'aggiornamento delle informazioni disponibili sul Sito in merito ai progressi medico-scientifici.&nbsp;<\/p>\n<p>Di conseguenza, nella misura massima consentita dalla legge applicabile, TORTEL INDUSTRIES e i suoi funzionari e direttori declinano ogni responsabilit\u00e0 per danni di qualsiasi tipo, compresi, ma non limitati a, quelli di natura diretta, indiretta, consequenziale, corporea, materiale o psicologica, che possono derivare da:<\/p>\n<ul>\n<li>Qualsiasi errore, omissione o imprecisione relativi alle informazioni condivise sul Sito;<\/li>\n<li>L'hacking da parte di terzi che porta a modificare le informazioni o gli elementi disponibili;<\/li>\n<li>Qualsiasi pregiudizio, qualunque sia la sua origine, la sua natura o la sua conseguenza, causato dall'accesso o dall'impossibilit\u00e0 di accedere al Sito, dall'utilizzo del Sito, compresi eventuali danni o virus che potrebbero infettare il vostro computer, e\/o dalla fiducia che riporreste in qualsiasi informazione ottenuta direttamente o indirettamente dal Sito.<\/li>\n<\/ul><div><br><\/div>\n<p>Questa disposizione si applica anche se TORTEL INDUSTRIES \u00e8 stata informata della possibilit\u00e0 di tali danni.<br>Il materiale contenuto in questo Sito viene fornito \"cos\u00ec com'\u00e8\" senza garanzie di alcun tipo, n\u00e9 esplicite n\u00e9 implicite. TORTEL INDUSTRIES non fornisce alcuna garanzia, espressa o implicita, comprese, ma non solo, le garanzie implicite di commerciabilit\u00e0 e idoneit\u00e0 a uno scopo particolare.<\/p><p>TORTEL INDUSTRIES si riserva il diritto di modificare il contenuto del Sito in qualsiasi momento e senza preavviso.<\/p>\n<h3>7. Crediti fotografici<\/h3>\n<p>Foto (c) Andy Parant<\/p>\n<p>Immagine Getty<\/p>\t\t\t\t\t\t\t\t<\/div>\n\t\t\t\t<\/div>\n\t\t\t\t\t<\/div>\n\t\t<\/div>\n\t\t\t\t\t<\/div>\n\t\t<\/section>\n\t\t\t\t<\/div>","protected":false},"excerpt":{"rendered":"<p>1. R\u00e9glementation Conform\u00e9ment aux dispositions des articles 6-III-1\u00b0 et 19 de la loi n\u00b0 2004-575 du 21 juin 2004 pour la confiance dans l\u2019\u00e9conomie num\u00e9rique entr\u00e9e en vigueur le 23 juin 2004, les coordonn\u00e9es de l\u2019\u00e9diteur et de l\u2019h\u00e9bergeur du Site sont indiqu\u00e9es ci-dessous. 2.&nbsp;Coordonn\u00e9es de l\u2019\u00e9diteur Le pr\u00e9sent site est \u00e9dit\u00e9 par la soci\u00e9t\u00e9 [&hellip;]<\/p>\n","protected":false},"author":1,"featured_media":0,"parent":0,"menu_order":0,"comment_status":"closed","ping_status":"closed","template":"","meta":{"om_disable_all_campaigns":false,"footnotes":""},"class_list":["post-26","page","type-page","status-publish","hentry"],"aioseo_notices":[],"_links":{"self":[{"href":"https:\/\/stimcareonline.com\/it\/wp-json\/wp\/v2\/pages\/26","targetHints":{"allow":["GET"]}}],"collection":[{"href":"https:\/\/stimcareonline.com\/it\/wp-json\/wp\/v2\/pages"}],"about":[{"href":"https:\/\/stimcareonline.com\/it\/wp-json\/wp\/v2\/types\/page"}],"author":[{"embeddable":true,"href":"https:\/\/stimcareonline.com\/it\/wp-json\/wp\/v2\/users\/1"}],"replies":[{"embeddable":true,"href":"https:\/\/stimcareonline.com\/it\/wp-json\/wp\/v2\/comments?post=26"}],"version-history":[{"count":5,"href":"https:\/\/stimcareonline.com\/it\/wp-json\/wp\/v2\/pages\/26\/revisions"}],"predecessor-version":[{"id":36850,"href":"https:\/\/stimcareonline.com\/it\/wp-json\/wp\/v2\/pages\/26\/revisions\/36850"}],"wp:attachment":[{"href":"https:\/\/stimcareonline.com\/it\/wp-json\/wp\/v2\/media?parent=26"}],"curies":[{"name":"wp","href":"https:\/\/api.w.org\/{rel}","templated":true}]}}