{"id":13,"date":"2022-03-04T11:51:59","date_gmt":"2022-03-04T10:51:59","guid":{"rendered":"https:\/\/stimcareonline.com\/?page_id=13"},"modified":"2025-07-15T13:26:09","modified_gmt":"2025-07-15T11:26:09","slug":"accueil","status":"publish","type":"page","link":"https:\/\/stimcareonline.com\/fr_fr\/accueil\/","title":{"rendered":"Accueil"},"content":{"rendered":"\t\t<div data-elementor-type=\"wp-page\" data-elementor-id=\"13\" class=\"elementor elementor-13\" data-elementor-post-type=\"page\">\n\t\t\t\t\t\t<section class=\"elementor-section elementor-top-section elementor-element elementor-element-bc658a0 elementor-section-full_width elementor-section-height-default elementor-section-height-default\" data-id=\"bc658a0\" data-element_type=\"section\" data-e-type=\"section\" data-settings=\"{&quot;jet_parallax_layout_list&quot;:[]}\">\n\t\t\t\t\t\t<div class=\"elementor-container elementor-column-gap-default\">\n\t\t\t\t\t<div class=\"elementor-column elementor-col-100 elementor-top-column elementor-element elementor-element-a613ad9\" data-id=\"a613ad9\" data-element_type=\"column\" data-e-type=\"column\">\n\t\t\t<div class=\"elementor-widget-wrap elementor-element-populated\">\n\t\t\t\t\t\t<div class=\"elementor-element elementor-element-8a267f4 elementor-widget elementor-widget-html\" data-id=\"8a267f4\" data-element_type=\"widget\" data-e-type=\"widget\" data-widget_type=\"html.default\">\n\t\t\t\t<div class=\"elementor-widget-container\">\n\t\t\t\t\t    <div class=\"accueil__container\">\r\n        <div class=\"accueil__gauche__container\">\r\n        <div class=\"accueil__gauche\">\r\n            <div class=\" accueil__overlay accueil__overlay__gauche\">\r\n                <h2 class=\"accueil__overlay__title\">Le patch STIMCARE,<br>\r\n                    L\u2019alli\u00e9 de vos<br>\r\n                    performances<\/h2>\r\n                <a href=\"https:\/\/stimcareonline.com\/stimcare-sport\/\" class=\"accueil__overlay__btn accueil__btn__sport\">Je d\u00e9couvre STIMCARE Sport<\/a>\r\n            <\/div>\r\n        <\/div>\r\n        <\/div>\r\n        <div class=\"accueil__droite__container\">\r\n        <div class=\"accueil__droite\">\r\n            <div class=\"accueil__overlay accueil__overlay__droite\">\r\n                <h2 class=\"accueil__overlay__title\">Le patch STIMCARE,<br>\r\n                    Votre partenaire<br> de soin<\/h2>\r\n                <a href=\"https:\/\/stimcareonline.com\/stimcare-sante\/\" class=\"accueil__overlay__btn  accueil__btn__sante \">Je d\u00e9couvre STIMCARE Sant\u00e9<\/a>\r\n            <\/div>\r\n        <\/div>\r\n        <\/div>\r\n    <\/div>\t\t\t\t<\/div>\n\t\t\t\t<\/div>\n\t\t\t\t\t<\/div>\n\t\t<\/div>\n\t\t\t\t\t<\/div>\n\t\t<\/section>\n\t\t\t\t<\/div>\n\t\t","protected":false},"excerpt":{"rendered":"<p>Le patch STIMCARE, L\u2019alli\u00e9 de vos performances Je d\u00e9couvre STIMCARE Sport Le patch STIMCARE, Votre partenaire de soin Je d\u00e9couvre STIMCARE Sant\u00e9<\/p>\n","protected":false},"author":1,"featured_media":20558,"parent":0,"menu_order":0,"comment_status":"closed","ping_status":"closed","template":"","meta":{"om_disable_all_campaigns":false,"footnotes":""},"class_list":["post-13","page","type-page","status-publish","has-post-thumbnail","hentry"],"aioseo_notices":[],"_links":{"self":[{"href":"https:\/\/stimcareonline.com\/fr_fr\/wp-json\/wp\/v2\/pages\/13","targetHints":{"allow":["GET"]}}],"collection":[{"href":"https:\/\/stimcareonline.com\/fr_fr\/wp-json\/wp\/v2\/pages"}],"about":[{"href":"https:\/\/stimcareonline.com\/fr_fr\/wp-json\/wp\/v2\/types\/page"}],"author":[{"embeddable":true,"href":"https:\/\/stimcareonline.com\/fr_fr\/wp-json\/wp\/v2\/users\/1"}],"replies":[{"embeddable":true,"href":"https:\/\/stimcareonline.com\/fr_fr\/wp-json\/wp\/v2\/comments?post=13"}],"version-history":[{"count":7,"href":"https:\/\/stimcareonline.com\/fr_fr\/wp-json\/wp\/v2\/pages\/13\/revisions"}],"predecessor-version":[{"id":43003,"href":"https:\/\/stimcareonline.com\/fr_fr\/wp-json\/wp\/v2\/pages\/13\/revisions\/43003"}],"wp:featuredmedia":[{"embeddable":true,"href":"https:\/\/stimcareonline.com\/fr_fr\/wp-json\/wp\/v2\/media\/20558"}],"wp:attachment":[{"href":"https:\/\/stimcareonline.com\/fr_fr\/wp-json\/wp\/v2\/media?parent=13"}],"curies":[{"name":"wp","href":"https:\/\/api.w.org\/{rel}","templated":true}]}}