{"id":26,"date":"2022-03-04T11:53:48","date_gmt":"2022-03-04T10:53:48","guid":{"rendered":"https:\/\/stimcareonline.com\/?page_id=26"},"modified":"2024-01-31T12:08:01","modified_gmt":"2024-01-31T11:08:01","slug":"mentions-legales","status":"publish","type":"page","link":"https:\/\/stimcareonline.com\/es\/mentions-legales\/","title":{"rendered":"Informaci\u00f3n jur\u00eddica"},"content":{"rendered":"<div data-elementor-type=\"wp-page\" data-elementor-id=\"26\" class=\"elementor elementor-26\" data-elementor-post-type=\"page\">\n\t\t\t\t\t\t<section class=\"elementor-section elementor-top-section elementor-element elementor-element-99a19ff elementor-section-boxed elementor-section-height-default elementor-section-height-default\" data-id=\"99a19ff\" data-element_type=\"section\" data-e-type=\"section\" data-settings=\"{&quot;jet_parallax_layout_list&quot;:[]}\">\n\t\t\t\t\t\t<div class=\"elementor-container elementor-column-gap-default\">\n\t\t\t\t\t<div class=\"elementor-column elementor-col-100 elementor-top-column elementor-element elementor-element-21cc27e\" data-id=\"21cc27e\" data-element_type=\"column\" data-e-type=\"column\">\n\t\t\t<div class=\"elementor-widget-wrap elementor-element-populated\">\n\t\t\t\t\t\t<div class=\"elementor-element elementor-element-86ab9e7 elementor-widget elementor-widget-text-editor\" data-id=\"86ab9e7\" data-element_type=\"widget\" data-e-type=\"widget\" data-widget_type=\"text-editor.default\">\n\t\t\t\t<div class=\"elementor-widget-container\">\n\t\t\t\t\t\t\t\t\t<h3>1. Reglamento<\/h3>\n<p>De conformidad con las disposiciones de los art\u00edculos 6-III-1\u00b0 y 19 de la Ley n\u00ba 2004-575 de 21 de junio de 2004 sobre la confianza en la econom\u00eda digital, que entr\u00f3 en vigor el 23 de junio de 2004, a continuaci\u00f3n se indican los datos de contacto del editor y del anfitri\u00f3n del Sitio.<\/p>\n<h3>2.&nbsp;<em>Detalles del editor<\/em><\/h3>\n<p>Este sitio web est\u00e1 publicado por TORTEL INDUSTRIES<a>Sociedad an\u00f3nima con capital de 7.142 euros, inscrita en el Registro Mercantil de Roma con el n\u00ba 799 612 460, con domicilio social en 2761 Les Rouvieres, 26220 DIEULEFIT, representada por su Presidente, el Sr. Arnaud TORTEL.<\/a>.<\/p>\n<p>Correo electr\u00f3nico: contact@stimcareonline.com<\/p>\n<h3 style=\"font-family: Apax, sans-serif; color: #000000;\">3. <em>Creaci\u00f3n del sitio web<\/em><\/h3>\n<p>Nombre: Altazir Ops LP<\/p>\n<p>Direcci\u00f3n: 5 South Charlotte Street,<br>Edimburgo EH2 4AN, Escocia, Reino Unido<\/p>\n<p>N\u00famero de identificaci\u00f3n :&nbsp;<strong>SL036684<\/strong>&nbsp;<\/p>\n<p>Forma jur\u00eddica: LP<\/p>\n<p>Correo electr\u00f3nico : hello@altazir-ops.com<\/p>\n<h3>4.&nbsp;<em>Detalles del anfitri\u00f3n del sitio :<\/em><\/h3>\n<p>El Sitio est\u00e1 alojado y administrado por Infomaniak Network SA, rue Eug\u00e8ne Marziano 25, 1227 Les Acacias (GE).<\/p>\n<p>Sede de la empresa: Les Acacias, Ginebra, Suiza<\/p>\n<p>Registro Mercantil del Cant\u00f3n de Ginebra: CH-660.0.059.996-1<\/p>\n<p>N\u00famero IDE : CHE-103.167.648<\/p>\n<p>N\u00famero de IVA : CHE-103.167.648<\/p>\n<h3>5. <em>Propiedad intelectual<\/em><\/h3>\n<p>Todos los datos, textos, im\u00e1genes, fotograf\u00edas y, de forma m\u00e1s general, todos los contenidos publicados en el Sitio est\u00e1n protegidos por el derecho de propiedad intelectual.<\/p>\n<p>TORTEL INDUSTRIES es el \u00fanico propietario de todos los derechos de propiedad intelectual vinculados a este Sitio.<\/p>\n<p>En virtud de los art\u00edculos L.122-5-2\u00b0 y L.122-5-3\u00b0 del C\u00f3digo de la Propiedad Intelectual franc\u00e9s, s\u00f3lo est\u00e1n autorizadas:&nbsp;<\/p>\n<ul>\n<li>copias o reproducciones estrictamente reservadas al uso privado del copista y no destinadas a un uso colectivo\" y ;<\/li>\n<li>siempre que se mencionen el nombre del autor y la fuente:<\/li>\n<\/ul>\n<p>\"an\u00e1lisis y citas breves justificadas como cr\u00edticas, pol\u00e9micas, educativas, cient\u00edficas o informativas\".<\/p>\n<p>Por consiguiente, salvo las excepciones anteriormente mencionadas, cualquier representaci\u00f3n, puesta a disposici\u00f3n, reproducci\u00f3n total o parcial de la totalidad o parte del Sitio sin el consentimiento previo por escrito de TORTEL INDUSTRIES es ilegal (art\u00edculo L.122-4 del C\u00f3digo de la Propiedad Intelectual franc\u00e9s).<\/p>\n<h3>6. Informaci\u00f3n disponible en el sitio<\/h3>\n<p>TORTEL INDUSTRIES hace todo lo posible para garantizar que la informaci\u00f3n compartida en el Sitio sea exacta y est\u00e9 actualizada. No obstante, TORTEL INDUSTRIES no puede garantizar la exactitud, exhaustividad o actualizaci\u00f3n de la informaci\u00f3n disponible en el Sitio relativa a los avances cient\u00edficos m\u00e9dicos.&nbsp;<\/p>\n<p>En consecuencia, en la m\u00e1xima medida permitida por la legislaci\u00f3n aplicable, TORTEL INDUSTRIES y sus directivos y administradores declinan toda responsabilidad por los da\u00f1os y perjuicios de toda \u00edndole, incluidos, a t\u00edtulo meramente enunciativo y no limitativo, los de naturaleza directa, indirecta, emergente, corporal, material o psicol\u00f3gica, que pudieran ocasionarse como consecuencia de:<\/p>\n<ul>\n<li>Cualquier error, omisi\u00f3n o inexactitud relativa a la informaci\u00f3n compartida en el Sitio;<\/li>\n<li>Hackeo por parte de terceros que provoque cambios en la informaci\u00f3n o los elementos disponibles;<\/li>\n<li>Cualquier perjuicio, cualquiera que sea su origen, naturaleza o consecuencia, causado por el acceso o la imposibilidad de acceder al Sitio, el uso del Sitio, incluidos los da\u00f1os o virus que puedan infectar su equipo inform\u00e1tico, y\/o la confianza que deposite en cualquier informaci\u00f3n obtenida directa o indirectamente del Sitio.<\/li>\n<\/ul><div><br><\/div>\n<p>Esta disposici\u00f3n tambi\u00e9n se aplica aunque TORTEL INDUSTRIES haya sido informada de la posibilidad de tales da\u00f1os.<br>Los materiales de este Sitio se proporcionan \"tal cual\", sin garant\u00eda de ning\u00fan tipo, ni expresa ni impl\u00edcita. TORTEL INDUSTRIES no ofrece ninguna garant\u00eda, expresa o impl\u00edcita, incluyendo, pero no limitado a, las garant\u00edas impl\u00edcitas de comerciabilidad e idoneidad para un prop\u00f3sito particular.<\/p><p>TORTEL INDUSTRIES se reserva el derecho de modificar el contenido del Sitio en cualquier momento y sin previo aviso.<\/p>\n<h3>7. Fotograf\u00eda<\/h3>\n<p>Foto (c) Andy Parant<\/p>\n<p>Imagen Getty<\/p>\t\t\t\t\t\t\t\t<\/div>\n\t\t\t\t<\/div>\n\t\t\t\t\t<\/div>\n\t\t<\/div>\n\t\t\t\t\t<\/div>\n\t\t<\/section>\n\t\t\t\t<\/div>","protected":false},"excerpt":{"rendered":"<p>1. R\u00e9glementation Conform\u00e9ment aux dispositions des articles 6-III-1\u00b0 et 19 de la loi n\u00b0 2004-575 du 21 juin 2004 pour la confiance dans l\u2019\u00e9conomie num\u00e9rique entr\u00e9e en vigueur le 23 juin 2004, les coordonn\u00e9es de l\u2019\u00e9diteur et de l\u2019h\u00e9bergeur du Site sont indiqu\u00e9es ci-dessous. 2.&nbsp;Coordonn\u00e9es de l\u2019\u00e9diteur Le pr\u00e9sent site est \u00e9dit\u00e9 par la soci\u00e9t\u00e9 [&hellip;]<\/p>\n","protected":false},"author":1,"featured_media":0,"parent":0,"menu_order":0,"comment_status":"closed","ping_status":"closed","template":"","meta":{"om_disable_all_campaigns":false,"footnotes":""},"class_list":["post-26","page","type-page","status-publish","hentry"],"aioseo_notices":[],"_links":{"self":[{"href":"https:\/\/stimcareonline.com\/es\/wp-json\/wp\/v2\/pages\/26","targetHints":{"allow":["GET"]}}],"collection":[{"href":"https:\/\/stimcareonline.com\/es\/wp-json\/wp\/v2\/pages"}],"about":[{"href":"https:\/\/stimcareonline.com\/es\/wp-json\/wp\/v2\/types\/page"}],"author":[{"embeddable":true,"href":"https:\/\/stimcareonline.com\/es\/wp-json\/wp\/v2\/users\/1"}],"replies":[{"embeddable":true,"href":"https:\/\/stimcareonline.com\/es\/wp-json\/wp\/v2\/comments?post=26"}],"version-history":[{"count":5,"href":"https:\/\/stimcareonline.com\/es\/wp-json\/wp\/v2\/pages\/26\/revisions"}],"predecessor-version":[{"id":36850,"href":"https:\/\/stimcareonline.com\/es\/wp-json\/wp\/v2\/pages\/26\/revisions\/36850"}],"wp:attachment":[{"href":"https:\/\/stimcareonline.com\/es\/wp-json\/wp\/v2\/media?parent=26"}],"curies":[{"name":"wp","href":"https:\/\/api.w.org\/{rel}","templated":true}]}}