{"id":26,"date":"2022-03-04T11:53:48","date_gmt":"2022-03-04T10:53:48","guid":{"rendered":"https:\/\/stimcareonline.com\/?page_id=26"},"modified":"2024-01-31T12:08:01","modified_gmt":"2024-01-31T11:08:01","slug":"mentions-legales","status":"publish","type":"page","link":"https:\/\/stimcareonline.com\/en\/mentions-legales\/","title":{"rendered":"Terms of use"},"content":{"rendered":"<div data-elementor-type=\"wp-page\" data-elementor-id=\"26\" class=\"elementor elementor-26\" data-elementor-post-type=\"page\">\n\t\t\t\t\t\t<section class=\"elementor-section elementor-top-section elementor-element elementor-element-99a19ff elementor-section-boxed elementor-section-height-default elementor-section-height-default\" data-id=\"99a19ff\" data-element_type=\"section\" data-e-type=\"section\" data-settings=\"{&quot;jet_parallax_layout_list&quot;:[]}\">\n\t\t\t\t\t\t<div class=\"elementor-container elementor-column-gap-default\">\n\t\t\t\t\t<div class=\"elementor-column elementor-col-100 elementor-top-column elementor-element elementor-element-21cc27e\" data-id=\"21cc27e\" data-element_type=\"column\" data-e-type=\"column\">\n\t\t\t<div class=\"elementor-widget-wrap elementor-element-populated\">\n\t\t\t\t\t\t<div class=\"elementor-element elementor-element-86ab9e7 elementor-widget elementor-widget-text-editor\" data-id=\"86ab9e7\" data-element_type=\"widget\" data-e-type=\"widget\" data-widget_type=\"text-editor.default\">\n\t\t\t\t<div class=\"elementor-widget-container\">\n\t\t\t\t\t\t\t\t\t<h3>1. Regulations<\/h3>\n<p>In accordance with the provisions of articles 6-III-1\u00b0 and 19 of law no. 2004-575 of June 21, 2004 on confidence in the digital economy, which came into force on June 23, 2004, the contact details of the Site's publisher and host are given below.<\/p>\n<h3>2.&nbsp;<em>Publisher details<\/em><\/h3>\n<p>This site is published by TORTEL INDUSTRIES<a>A limited liability company with share capital of 7,142 euros, registered in the Romans Trade and Companies Register under no. 799 612 460, whose registered office is located at 2761 Les Rouvieres, 26220 DIEULEFIT, represented by its Chairman, Mr Arnaud TORTEL.<\/a>.<\/p>\n<p>E-mail: contact@stimcareonline.com<\/p>\n<h3 style=\"font-family: Apax, sans-serif; color: #000000;\">3. <em>Website creation<\/em><\/h3>\n<p>Name: Altazir Ops LP<\/p>\n<p>Address: 5 South Charlotte Street,<br>Edinburgh EH2 4AN, Scotland, United Kingdom<\/p>\n<p>Identification number :&nbsp;<strong>SL036684<\/strong>&nbsp;<\/p>\n<p>Legal form: LP<\/p>\n<p>Email : hello@altazir-ops.com<\/p>\n<h3>4.&nbsp;<em>Site host contact details :<\/em><\/h3>\n<p>The Site is hosted and administered by Infomaniak Network SA, rue Eug\u00e8ne Marziano 25, 1227 Les Acacias (GE).<\/p>\n<p>Company headquarters: Les Acacias, Geneva, Switzerland<\/p>\n<p>Commercial Register of the Canton of Geneva: CH-660.0.059.996-1<\/p>\n<p>IDE number : CHE-103.167.648<\/p>\n<p>VAT number: CHE-103.167.648<\/p>\n<h3>5. <em>Intellectual property<\/em><\/h3>\n<p>All data, texts, images, photographs and, more generally, all content published on the Site are protected under intellectual property law.<\/p>\n<p>TORTEL INDUSTRIES is the sole owner of all intellectual property rights attached to this Site.<\/p>\n<p>Under the terms of articles L.122-5-2\u00b0 and L.122-5-3\u00b0 of the French Intellectual Property Code, only the following are authorized:&nbsp;<\/p>\n<ul>\n<li>copies or reproductions strictly reserved for the private use of the copier and not intended for collective use\" and ;<\/li>\n<li>provided that the name of the author and source are mentioned:<\/li>\n<\/ul>\n<p>\"analyses and short quotations justified by their critical, polemical, educational, scientific or informative nature\".<\/p>\n<p>Therefore, with the exception of the aforementioned exceptions, any representation, distribution or reproduction of all or part of the Site without the prior written consent of TORTEL INDUSTRIES is unlawful (article L.122-4 of the French Intellectual Property Code).<\/p>\n<h3>6. Information available on the website<\/h3>\n<p>TORTEL INDUSTRIES makes every effort to ensure that the information shared on the Site is accurate and up-to-date. However, TORTEL INDUSTRIES cannot guarantee the accuracy, completeness or updating of the information available on the Site concerning medical scientific advances.&nbsp;<\/p>\n<p>Accordingly, to the fullest extent permitted by applicable law, TORTEL INDUSTRIES and its officers and directors disclaim any and all liability for any damages whatsoever, including but not limited to those of a direct, indirect, consequential, bodily, material or psychological nature, which may arise as a result of :<\/p>\n<ul>\n<li>Any error, omission or inaccuracy relating to the information shared on the Site;<\/li>\n<li>Hacking by a third party resulting in modifications to the information or elements available;<\/li>\n<li>Any damage, whatever its origin, nature or consequence, caused by access to or inability to access the Site, use of the Site, including any damage or virus that may infect your computer equipment, and\/or any reliance you may place on any information obtained directly or indirectly from the Site.<\/li>\n<\/ul><div><br><\/div>\n<p>This shall also apply even if TORTEL INDUSTRIES has been advised of the possibility of such damage.<br>The materials on this Site are provided \"as is\" without warranty of any kind, either express or implied. TORTEL INDUSTRIES makes no warranty, express or implied, including, but not limited to, implied warranties of merchantability and fitness for a particular purpose.<\/p><p>TORTEL INDUSTRIES reserves the right to change the content of the Site at any time without prior notice.<\/p>\n<h3>7. Photo credit<\/h3>\n<p>Photo (c) Andy Parant<\/p>\n<p>Getty image<\/p>\t\t\t\t\t\t\t\t<\/div>\n\t\t\t\t<\/div>\n\t\t\t\t\t<\/div>\n\t\t<\/div>\n\t\t\t\t\t<\/div>\n\t\t<\/section>\n\t\t\t\t<\/div>","protected":false},"excerpt":{"rendered":"<p>1. R\u00e9glementation Conform\u00e9ment aux dispositions des articles 6-III-1\u00b0 et 19 de la loi n\u00b0 2004-575 du 21 juin 2004 pour la confiance dans l\u2019\u00e9conomie num\u00e9rique entr\u00e9e en vigueur le 23 juin 2004, les coordonn\u00e9es de l\u2019\u00e9diteur et de l\u2019h\u00e9bergeur du Site sont indiqu\u00e9es ci-dessous. 2.&nbsp;Coordonn\u00e9es de l\u2019\u00e9diteur Le pr\u00e9sent site est \u00e9dit\u00e9 par la soci\u00e9t\u00e9 [&hellip;]<\/p>\n","protected":false},"author":1,"featured_media":0,"parent":0,"menu_order":0,"comment_status":"closed","ping_status":"closed","template":"","meta":{"om_disable_all_campaigns":false,"footnotes":""},"class_list":["post-26","page","type-page","status-publish","hentry"],"aioseo_notices":[],"_links":{"self":[{"href":"https:\/\/stimcareonline.com\/en\/wp-json\/wp\/v2\/pages\/26","targetHints":{"allow":["GET"]}}],"collection":[{"href":"https:\/\/stimcareonline.com\/en\/wp-json\/wp\/v2\/pages"}],"about":[{"href":"https:\/\/stimcareonline.com\/en\/wp-json\/wp\/v2\/types\/page"}],"author":[{"embeddable":true,"href":"https:\/\/stimcareonline.com\/en\/wp-json\/wp\/v2\/users\/1"}],"replies":[{"embeddable":true,"href":"https:\/\/stimcareonline.com\/en\/wp-json\/wp\/v2\/comments?post=26"}],"version-history":[{"count":5,"href":"https:\/\/stimcareonline.com\/en\/wp-json\/wp\/v2\/pages\/26\/revisions"}],"predecessor-version":[{"id":36850,"href":"https:\/\/stimcareonline.com\/en\/wp-json\/wp\/v2\/pages\/26\/revisions\/36850"}],"wp:attachment":[{"href":"https:\/\/stimcareonline.com\/en\/wp-json\/wp\/v2\/media?parent=26"}],"curies":[{"name":"wp","href":"https:\/\/api.w.org\/{rel}","templated":true}]}}